{"id":1278,"date":"2023-01-02T12:37:21","date_gmt":"2023-01-02T12:37:21","guid":{"rendered":"https:\/\/vereinverfolgt.ch\/?page_id=1278"},"modified":"2023-01-02T12:37:21","modified_gmt":"2023-01-02T12:37:21","slug":"hotline-bildung","status":"publish","type":"page","link":"https:\/\/vereinverfolgt.ch\/?page_id=1278","title":{"rendered":"Hotline Bildung"},"content":{"rendered":"\n<p>Das Projekt &#171;Hotline Bildung&#187; bietet Gefl\u00fcchteten die M\u00f6glichkeit, sich \u00fcber Bildungschancen in der Schweiz zu informieren und beraten zu lassen. Junge Gefl\u00fcchtete k\u00f6nnen mit erfahrenen Lehrpersonen in Kontakt treten und sich \u00fcber verschiedene Bildungsm\u00f6glichkeiten informieren.<\/p>\n\n\n\n<p>Das Projekt &#171;Hotline Bildung&#187; ist eine wertvolle Unterst\u00fctzung f\u00fcr Gefl\u00fcchtete, die sich f\u00fcr eine Bildung in der Schweiz interessieren. Oft gibt es viele Fragen und Unsicherheiten, wenn es um den Zugang zu Bildung geht. Mit der &#171;Hotline Bildung&#187; haben Gefl\u00fcchtete die M\u00f6glichkeit, sich individuell beraten zu lassen und ihre Fragen zu kl\u00e4ren.<\/p>\n\n\n\n<p>Neben der Beratung bietet das Projekt &#171;Hotline Bildung&#187; auch Unterst\u00fctzung bei der Organisation und dem Abschluss von Bildungsmassnahmen. So k\u00f6nnen Gefl\u00fcchtete die passende Bildungsmassnahme f\u00fcr sich finden und sich erfolgreich darauf vorbereiten.<\/p>\n\n\n\n<p>Insgesamt tr\u00e4gt das Projekt &#171;Hotline Bildung&#187; dazu bei, die Bildungschancen von Gefl\u00fcchteten in der Schweiz zu verbessern und ihnen damit bessere Perspektiven und Chancen zu erm\u00f6glichen. Als Verein unterst\u00fctzen wir das Projekt &#171;Hotline Bildung&#187; und freuen uns, dass wir damit einen Beitrag zur Integration von Gefl\u00fcchteten leisten k\u00f6nnen.<\/p>\n\n\n\n<p>Bei Interesse nehmen Sie mit uns Kontakt auf. <\/p>\n","protected":false},"excerpt":{"rendered":"<p>Das Projekt &#171;Hotline Bildung&#187; bietet Gefl\u00fcchteten die M\u00f6glichkeit, sich \u00fcber Bildungschancen in der Schweiz zu informieren und beraten zu lassen. Junge Gefl\u00fcchtete k\u00f6nnen mit erfahrenen Lehrpersonen in Kontakt treten und sich \u00fcber verschiedene Bildungsm\u00f6glichkeiten informieren. Das Projekt &#171;Hotline Bildung&#187; ist eine wertvolle Unterst\u00fctzung f\u00fcr Gefl\u00fcchtete, die sich f\u00fcr eine Bildung in der Schweiz interessieren. Oft&hellip; <br \/> <a class=\"button small blue\" href=\"https:\/\/vereinverfolgt.ch\/?page_id=1278\">Read more<\/a><\/p>\n","protected":false},"author":1,"featured_media":1279,"parent":0,"menu_order":0,"comment_status":"closed","ping_status":"closed","template":"","meta":{"footnotes":""},"class_list":["post-1278","page","type-page","status-publish","has-post-thumbnail","hentry"],"_links":{"self":[{"href":"https:\/\/vereinverfolgt.ch\/index.php?rest_route=\/wp\/v2\/pages\/1278","targetHints":{"allow":["GET"]}}],"collection":[{"href":"https:\/\/vereinverfolgt.ch\/index.php?rest_route=\/wp\/v2\/pages"}],"about":[{"href":"https:\/\/vereinverfolgt.ch\/index.php?rest_route=\/wp\/v2\/types\/page"}],"author":[{"embeddable":true,"href":"https:\/\/vereinverfolgt.ch\/index.php?rest_route=\/wp\/v2\/users\/1"}],"replies":[{"embeddable":true,"href":"https:\/\/vereinverfolgt.ch\/index.php?rest_route=%2Fwp%2Fv2%2Fcomments&post=1278"}],"version-history":[{"count":1,"href":"https:\/\/vereinverfolgt.ch\/index.php?rest_route=\/wp\/v2\/pages\/1278\/revisions"}],"predecessor-version":[{"id":1280,"href":"https:\/\/vereinverfolgt.ch\/index.php?rest_route=\/wp\/v2\/pages\/1278\/revisions\/1280"}],"wp:featuredmedia":[{"embeddable":true,"href":"https:\/\/vereinverfolgt.ch\/index.php?rest_route=\/wp\/v2\/media\/1279"}],"wp:attachment":[{"href":"https:\/\/vereinverfolgt.ch\/index.php?rest_route=%2Fwp%2Fv2%2Fmedia&parent=1278"}],"curies":[{"name":"wp","href":"https:\/\/api.w.org\/{rel}","templated":true}]}}