{"id":5,"date":"2021-11-12T21:12:01","date_gmt":"2021-11-12T21:12:01","guid":{"rendered":"https:\/\/new.vereinverfolgt.ch\/?page_id=5"},"modified":"2024-02-05T22:03:17","modified_gmt":"2024-02-05T22:03:17","slug":"one-page-express","status":"publish","type":"page","link":"https:\/\/vereinverfolgt.ch\/","title":{"rendered":"T\u00fcrk\u00e7e Ana Sayfa"},"content":{"rendered":"<div  id=\"overlapable-2\" style=\"background-color: rgb(246, 246, 246);\" data-label=\"Overlapable\" data-id=\"stripped-coloured-icon-boxes\" data-category=\"overlapable\" class=\"features-coloured-icon-boxes-section\" data-overlap=\"true\">\n<div  class=\"gridContainer\">\n<div  class=\"features-coloured-icon-boxes-innerrow flexbox-list dark-text\" data-type=\"row\">\n<div  class=\"features-coloured-icon-boxes-featurecol cp3cols\">\n<div  class=\"features-coloured-icon-boxes-iconcontainer\" data-content-item-container=\"true\"> <i  data-cp-fa=\"true\" class=\"features-coloured-icon fa fa-podcast\"><\/i><\/div>\n<h4  class=\"\">Integration<\/h4>\n<p  class=\"\">Eine erfolgreiche Integration ist f\u00fcr Gefl\u00fcchtete von grosser Bedeutung, da sie ihnen erm\u00f6glicht, ein selbstbestimmtes Leben zu f\u00fchren und ihr volles Potential auszusch\u00f6pfen.<\/p>\n \n\n<\/div>\n<div  class=\"features-coloured-icon-boxes-featurecol cp3cols\">\n<div  class=\"features-coloured-icon-boxes-iconcontainer\" data-content-item-container=\"true\"> <i  data-cp-fa=\"true\" class=\"features-coloured-icon fa fa-slideshare\"><\/i><\/div>\n<h4  class=\"\">Menschenrechte<\/h4>\n<p  class=\"\">Menschenrechte tragen dazu bei, dass alle Menschen die gleichen Chancen und M\u00f6glichkeiten haben und ihre W\u00fcrde und Freiheit respektiert werden. Sie sind der Ausgangspunkt f\u00fcr eine gerechte und inklusive Gesellschaft.<\/p>\n \n\n<\/div>\n<div  class=\"features-coloured-icon-boxes-featurecol cp3cols\">\n<div  class=\"features-coloured-icon-boxes-iconcontainer\" data-content-item-container=\"true\"> <i  data-cp-fa=\"true\" class=\"features-coloured-icon fa fa-universal-access\"><\/i><\/div>\n<h4  class=\"\">Solidarit\u00e4t<\/h4>\n<p  class=\"\">Solidarit\u00e4t ist die Bereitschaft, sich f\u00fcr andere Menschen einzusetzen und ihnen bei ihren Anliegen und Problemen zu helfen. Sie bedeutet, dass wir uns f\u00fcr die Rechte und die W\u00fcrde aller Menschen einsetzen und uns nicht nur um unsere eigenen Belange k\u00fcmmern.<\/p>\n \n\n<\/div>\n<div  class=\"features-coloured-icon-boxes-featurecol cp3cols\"> <img  decoding=\"async\" class=\"custom-image\" src=\"https:\/\/vereinverfolgt.ch\/wp-content\/uploads\/2021\/11\/logo-de-verein-verfolgt.png\" alt=\"\">\n<h4  class=\"\">Unsere Arbeisgruppen<\/h4>\n<a class=\"button blue\" href=\"https:\/\/vereinverfolgt.ch?page_id=6\" target=\"_self\" rel=\"noopener\">Menschenrechte<\/a><a class=\"button blue\" href=\"https:\/\/vereinverfolgt.ch?page_id=6\" target=\"_self\" rel=\"noopener\">Genderfragen<\/a><a class=\"button blue\" href=\"https:\/\/vereinverfolgt.ch?page_id=6\" target=\"_self\" rel=\"noopener\">Blog<\/a><a class=\"button blue\" href=\"https:\/\/vereinverfolgt.ch?cat=15\" target=\"_self\" rel=\"noopener\">Integration<\/a><a class=\"button blue\" href=\"https:\/\/vereinverfolgt.ch?cat=47\" target=\"_self\" rel=\"noopener\">berufliche Integration<\/a>\n\n<\/div>\n<\/div>\n<\/div>\n<\/div><div  id=\"latest-posts\" style=\"background-color: rgb(246, 246, 246);\" data-label=\"Latest posts\" data-id=\"blog-section\" data-category=\"latest_news\" class=\"blog-section\">\n<div  class=\"gridContainer\">\n<div  class=\"blog-textrow\">\n<div  class=\"blog-textcol dynamic-color\" data-type=\"column\">\n<h2  class=\"\">Nachrichten<\/h2>\n<\/div>\n<\/div>\n<div  class=\"blog-postsrow dark-text\" data-type=\"row\" data-dynamic-columns=\"one_page_express_latest_news_columns\" data-content-shortcode=\"one_page_express_latest_news\">\t\t\t<div id=\"post-1577\" class=\"blog-postcol cp4cols\">\n\t\t\t<div class=\"post-content\">\n\t\t\t\t\t\t\t\t\t<a class=\"post-list-item-thumb\" href=\"https:\/\/vereinverfolgt.ch\/?p=1577\">\n\t\t\t\t\t\t<img fetchpriority=\"high\" decoding=\"async\" width=\"1024\" height=\"683\" src=\"https:\/\/vereinverfolgt.ch\/wp-content\/uploads\/2026\/02\/ija-hanau-medya-1024x683.jpg\" class=\"attachment-post-thumbnail size-post-thumbnail wp-post-image\" alt=\"\" srcset=\"https:\/\/vereinverfolgt.ch\/wp-content\/uploads\/2026\/02\/ija-hanau-medya-1024x683.jpg 1024w, https:\/\/vereinverfolgt.ch\/wp-content\/uploads\/2026\/02\/ija-hanau-medya-300x200.jpg 300w, https:\/\/vereinverfolgt.ch\/wp-content\/uploads\/2026\/02\/ija-hanau-medya-768x512.jpg 768w, https:\/\/vereinverfolgt.ch\/wp-content\/uploads\/2026\/02\/ija-hanau-medya-391x260.jpg 391w, https:\/\/vereinverfolgt.ch\/wp-content\/uploads\/2026\/02\/ija-hanau-medya.jpg 1227w\" sizes=\"(max-width: 1024px) 100vw, 1024px\" \/>\t\t\t\t\t<\/a>\n\t\t\t\t\t\t\t\t<div class=\"row_345\">\n\t\t\t\t\t<h3 class=\"blog-title\">\n\t\t\t\t\t\t<a href=\"https:\/\/vereinverfolgt.ch\/?p=1577\" rel=\"bookmark\">\n\t\t\t\t\t\t\tMEDYA SUSARSA, HERKES SUSAR!\t\t\t\t\t\t<\/a>\n\t\t\t\t\t<\/h3>\n\t\t\t\t\t<p>Frankfurt\u2019a Yolculuk. 7 \u015eubat Cumartesi g\u00fcn\u00fc \u0130svi\u00e7re\u2019den bir grup arkada\u015f, IJA Medya Bulu\u015fmas\u0131\u2019n\u0131 yerinde takip etmek i\u00e7in \u00f6zel bir ara\u00e7la yola \u00e7\u0131kt\u0131k. \u0130\u00e7imizde belirgin bir heyecan vard\u0131. \u00c7\u00fcnk\u00fc o salonda,[&hellip;]<\/p>\n\t\t\t\t\t<a class=\"button blue small\" href=\"https:\/\/vereinverfolgt.ch\/?p=1577\">\n\t\t\t\t\t\t<span data-theme=\"one_page_express_latest_news_read_more\">Read more<\/span>\n\t\t\t\t\t<\/a>\n\t\t\t\t\t<hr class=\"blog-separator\">\n<div class=\"post-header\">\n    <i class=\"font-icon-post fa fa-user\"><\/i>\n    <a href=\"https:\/\/vereinverfolgt.ch\/?author=2\" title=\"Beitr\u00e4ge von Vereinverfolgt\" rel=\"author\">Vereinverfolgt<\/a>    <i class=\"font-icon-post fa fa-calendar\"><\/i>\n    <span class=\"span12\">Februar 8, 2026<\/span>\n\n    <i class=\"font-icon-post fa fa-comment-o\"><\/i>\n    <span>0<\/span>\n<\/div>\t\t\t\t<\/div>\n\t\t\t<\/div>\n\t\t<\/div>\n\t\t\t\t<div id=\"post-1570\" class=\"blog-postcol cp4cols\">\n\t\t\t<div class=\"post-content\">\n\t\t\t\t\t\t\t\t\t<a class=\"post-list-item-thumb\" href=\"https:\/\/vereinverfolgt.ch\/?p=1570\">\n\t\t\t\t\t\t<img decoding=\"async\" width=\"1024\" height=\"683\" src=\"https:\/\/vereinverfolgt.ch\/wp-content\/uploads\/2025\/12\/neuchatel-1024x683.jpg\" class=\"attachment-post-thumbnail size-post-thumbnail wp-post-image\" alt=\"\" srcset=\"https:\/\/vereinverfolgt.ch\/wp-content\/uploads\/2025\/12\/neuchatel-1024x683.jpg 1024w, https:\/\/vereinverfolgt.ch\/wp-content\/uploads\/2025\/12\/neuchatel-300x200.jpg 300w, https:\/\/vereinverfolgt.ch\/wp-content\/uploads\/2025\/12\/neuchatel-768x512.jpg 768w, https:\/\/vereinverfolgt.ch\/wp-content\/uploads\/2025\/12\/neuchatel-391x260.jpg 391w, https:\/\/vereinverfolgt.ch\/wp-content\/uploads\/2025\/12\/neuchatel.jpg 1227w\" sizes=\"(max-width: 1024px) 100vw, 1024px\" \/>\t\t\t\t\t<\/a>\n\t\t\t\t\t\t\t\t<div class=\"row_345\">\n\t\t\t\t\t<h3 class=\"blog-title\">\n\t\t\t\t\t\t<a href=\"https:\/\/vereinverfolgt.ch\/?p=1570\" rel=\"bookmark\">\n\t\t\t\t\t\t\t\u201cK\u00fc\u00e7\u00fck Eller, B\u00fcy\u00fck Hik\u00e2yeler\u201d sergisi, Neuch\u00e2tel&#8217;de Ziyaret\u00e7ilerle Bulu\u015ftu\t\t\t\t\t\t<\/a>\n\t\t\t\t\t<\/h3>\n\t\t\t\t\t<p>G\u00f6\u00e7 ve hak ihlallerini \u00e7ocuklar\u0131n g\u00f6z\u00fcnden anlatan \u201cK\u00fc\u00e7\u00fck Eller, B\u00fcy\u00fck Hik\u00e2yeler\u201d adl\u0131 resim sergisi, \u0130svi\u00e7re\u2019nin Neuch\u00e2tel Kantonunda ziyaret\u00e7ilere a\u00e7\u0131ld\u0131. Justice UpHold platformunun inisiyatifiyle d\u00fczenlenen sergi, g\u00f6\u00e7men \u00e7ocuklar\u0131n yapt\u0131\u011f\u0131 resimlerden olu\u015ftu.[&hellip;]<\/p>\n\t\t\t\t\t<a class=\"button blue small\" href=\"https:\/\/vereinverfolgt.ch\/?p=1570\">\n\t\t\t\t\t\t<span data-theme=\"one_page_express_latest_news_read_more\">Read more<\/span>\n\t\t\t\t\t<\/a>\n\t\t\t\t\t<hr class=\"blog-separator\">\n<div class=\"post-header\">\n    <i class=\"font-icon-post fa fa-user\"><\/i>\n    <a href=\"https:\/\/vereinverfolgt.ch\/?author=2\" title=\"Beitr\u00e4ge von Vereinverfolgt\" rel=\"author\">Vereinverfolgt<\/a>    <i class=\"font-icon-post fa fa-calendar\"><\/i>\n    <span class=\"span12\">Dezember 21, 2025<\/span>\n\n    <i class=\"font-icon-post fa fa-comment-o\"><\/i>\n    <span>0<\/span>\n<\/div>\t\t\t\t<\/div>\n\t\t\t<\/div>\n\t\t<\/div>\n\t\t\t\t<div id=\"post-1566\" class=\"blog-postcol cp4cols\">\n\t\t\t<div class=\"post-content\">\n\t\t\t\t\t\t\t\t\t<a class=\"post-list-item-thumb\" href=\"https:\/\/vereinverfolgt.ch\/?p=1566\">\n\t\t\t\t\t\t<img decoding=\"async\" width=\"1024\" height=\"683\" src=\"https:\/\/vereinverfolgt.ch\/wp-content\/uploads\/2025\/12\/ZUR_0938-1024x683.jpg\" class=\"attachment-post-thumbnail size-post-thumbnail wp-post-image\" alt=\"\" srcset=\"https:\/\/vereinverfolgt.ch\/wp-content\/uploads\/2025\/12\/ZUR_0938-1024x683.jpg 1024w, https:\/\/vereinverfolgt.ch\/wp-content\/uploads\/2025\/12\/ZUR_0938-300x200.jpg 300w, https:\/\/vereinverfolgt.ch\/wp-content\/uploads\/2025\/12\/ZUR_0938-768x512.jpg 768w, https:\/\/vereinverfolgt.ch\/wp-content\/uploads\/2025\/12\/ZUR_0938-391x260.jpg 391w, https:\/\/vereinverfolgt.ch\/wp-content\/uploads\/2025\/12\/ZUR_0938.jpg 1227w\" sizes=\"(max-width: 1024px) 100vw, 1024px\" \/>\t\t\t\t\t<\/a>\n\t\t\t\t\t\t\t\t<div class=\"row_345\">\n\t\t\t\t\t<h3 class=\"blog-title\">\n\t\t\t\t\t\t<a href=\"https:\/\/vereinverfolgt.ch\/?p=1566\" rel=\"bookmark\">\n\t\t\t\t\t\t\tK\u00fc\u00e7\u00fck Eller, B\u00fcy\u00fck Hik\u00e2yeler: \u00c7ocuklar\u0131n \u00c7izimleri \u0130nsan Haklar\u0131 G\u00fcn\u00fc\u2019nde Z\u00fcrih\u2019te Sergilendi\t\t\t\t\t\t<\/a>\n\t\t\t\t\t<\/h3>\n\t\t\t\t\t<p>Verein Verfolgt Derne\u011fi ve \u0130svi\u00e7re Justice Uphold \u2013 Hukuk ve \u0130nsan Haklar\u0131 Platformu\u2019nun birlikte d\u00fczenledi\u011fi, \u201cK\u00fc\u00e7\u00fck Eller, B\u00fcy\u00fck Hik\u00e2yeler\u201d resim sergisi, \u00e7ocuklar\u0131n ya\u015fad\u0131klar\u0131 insan haklar\u0131 ihlallerini kendi \u00e7izimleriyle g\u00f6r\u00fcn\u00fcr k\u0131larak[&hellip;]<\/p>\n\t\t\t\t\t<a class=\"button blue small\" href=\"https:\/\/vereinverfolgt.ch\/?p=1566\">\n\t\t\t\t\t\t<span data-theme=\"one_page_express_latest_news_read_more\">Read more<\/span>\n\t\t\t\t\t<\/a>\n\t\t\t\t\t<hr class=\"blog-separator\">\n<div class=\"post-header\">\n    <i class=\"font-icon-post fa fa-user\"><\/i>\n    <a href=\"https:\/\/vereinverfolgt.ch\/?author=2\" title=\"Beitr\u00e4ge von Vereinverfolgt\" rel=\"author\">Vereinverfolgt<\/a>    <i class=\"font-icon-post fa fa-calendar\"><\/i>\n    <span class=\"span12\">Dezember 11, 2025<\/span>\n\n    <i class=\"font-icon-post fa fa-comment-o\"><\/i>\n    <span>0<\/span>\n<\/div>\t\t\t\t<\/div>\n\t\t\t<\/div>\n\t\t<\/div>\n\t\t<\/div>\n<div  class=\"blog-textcol\"> <a  class=\"button blue\" data-attr-shortcode=\"href:one_page_express_blog_link\" href=\"https:\/\/vereinverfolgt.ch\/?page_id=6\">ALLE BLOG-POSTS ANSEHEN<\/a><\/div>\n<\/div>\n<\/div><div  data-label=\"Contact\" data-id=\"contact-section\" data-category=\"contact\" data-bg=\"transparent\" class=\"contact-section-formsection white-text contact-section\" id=\"contact-4\">\n<div  class=\"gridContainer\">\n<div  class=\"row_224\">\n<div  class=\"contact-textrow\">\n<div  class=\"contact-textcol dynamic-color\">\n<h2  class=\"\">Sag Hallo!<\/h2>\n<p  class=\"white_text\">Begleiten Sie uns. Es dauert nur eine Minute\u2026<\/p>\n\n<\/div>\n<\/div>\n<\/div>\n<div  class=\"contact-formcol\" data-content-shortcode=\"one_page_express_contact_form shortcode=&quot;forminator_form id=&amp;amp;quot;463&amp;amp;quot;&quot;\" data-editable=\"true\"><div class=\"forminator-ui forminator-custom-form forminator-custom-form-463 forminator-design--material  forminator_ajax\" data-forminator-render=\"0\" data-form=\"forminator-module-463\" data-uid=\"69e37dbfdc19e\"><br\/><\/div><form\n\t\t\t\tid=\"forminator-module-463\"\n\t\t\t\tclass=\"forminator-ui forminator-custom-form forminator-custom-form-463 forminator-design--material  forminator_ajax\"\n\t\t\t\tmethod=\"post\"\n\t\t\t\tdata-forminator-render=\"0\"\n\t\t\t\tdata-form-id=\"463\"\n\t\t\t\tenctype=\"multipart\/form-data\" data-color-option=\"default\" data-design=\"material\" data-grid=\"open\" style=\"display: none;\"\n\t\t\t\tdata-uid=\"69e37dbfdc19e\"\n\t\t\t><div role=\"alert\" aria-live=\"polite\" class=\"forminator-response-message forminator-error\" aria-hidden=\"true\"><\/div><div class=\"forminator-row\"><div id=\"select-1\" class=\"forminator-field-select forminator-col forminator-col-12 \"><div class=\"forminator-field\"><label for=\"forminator-form-463__field--select-1_69e37dbfdc19e\" id=\"forminator-form-463__field--select-1_69e37dbfdc19e-label\" class=\"forminator-label\">W\u00e4hlen<\/label><select  id=\"forminator-form-463__field--select-1_69e37dbfdc19e\" class=\"forminator-select--field forminator-select2 forminator-select2-multiple\" data-required=\"\" name=\"select-1\" data-default-value=\"\" data-placeholder=\"\" data-search=\"false\" data-search-placeholder=\"\" data-checkbox=\"false\" data-allow-clear=\"false\" aria-labelledby=\"forminator-form-463__field--select-1_69e37dbfdc19e-label\" aria-describedby=\"forminator-form-463__field--select-1_69e37dbfdc19e-description\"><option value=\"kadin@vereinverfolgt.ch\"  data-calculation=\"0\">Frauenkommission<\/option><option value=\"aktivismus@vereinverfolgt.ch\"  data-calculation=\"0\">PR \/ Aktivismus-Kommission<\/option><option value=\"dil@vereinverfolgt.ch\"  data-calculation=\"0\">Sprachkommission<\/option><option value=\"yayinkurulu@vereinverfolgt.ch\"  data-calculation=\"0\">Redaktion<\/option><option value=\"kariyer@vereinverfolgt.ch\"  data-calculation=\"0\">Karriere-Kommission<\/option><\/select><span id=\"forminator-form-463__field--select-1_69e37dbfdc19e-description\" class=\"forminator-description\">W\u00e4hlen Sie eine Provision<\/span><\/div><\/div><\/div><div class=\"forminator-row\"><div id=\"name-1\" class=\"forminator-field-name forminator-col forminator-col-12 \"><div class=\"forminator-field\"><label for=\"forminator-field-name-1_69e37dbfdc19e\" id=\"forminator-field-name-1_69e37dbfdc19e-label\" class=\"forminator-label\">Vorname <span class=\"forminator-required\">*<\/span><\/label><input type=\"text\" name=\"name-1\" value=\"\" placeholder=\"E.g. John\" id=\"forminator-field-name-1_69e37dbfdc19e\" class=\"forminator-input forminator-name--field\" aria-required=\"true\" autocomplete=\"name\" \/><\/div><\/div><\/div><div class=\"forminator-row\"><div id=\"email-1\" class=\"forminator-field-email forminator-col forminator-col-12 \"><div class=\"forminator-field\"><label for=\"forminator-field-email-1_69e37dbfdc19e\" id=\"forminator-field-email-1_69e37dbfdc19e-label\" class=\"forminator-label\">E-Mail-Addresse <span class=\"forminator-required\">*<\/span><\/label><input type=\"email\" name=\"email-1\" value=\"\" placeholder=\"E.g. john@doe.com\" id=\"forminator-field-email-1_69e37dbfdc19e\" class=\"forminator-input forminator-email--field\" data-required=\"true\" aria-required=\"true\" autocomplete=\"email\" \/><\/div><\/div><\/div><div class=\"forminator-row\"><div id=\"phone-1\" class=\"forminator-field-phone forminator-col forminator-col-12 \"><div class=\"forminator-field\"><label for=\"forminator-field-phone-1_69e37dbfdc19e\" id=\"forminator-field-phone-1_69e37dbfdc19e-label\" class=\"forminator-label\">Telefonnummer<\/label><input type=\"text\" name=\"phone-1\" value=\"\" placeholder=\"E.g. +1 3004005000\" id=\"forminator-field-phone-1_69e37dbfdc19e\" class=\"forminator-input forminator-field--phone\" data-required=\"\" aria-required=\"false\" autocomplete=\"off\" \/><\/div><\/div><\/div><div class=\"forminator-row\"><div id=\"textarea-1\" class=\"forminator-field-textarea forminator-col forminator-col-12 \"><div class=\"forminator-field\"><label for=\"forminator-field-textarea-1_69e37dbfdc19e\" id=\"forminator-field-textarea-1_69e37dbfdc19e-label\" class=\"forminator-label\">Nachricht <span class=\"forminator-required\">*<\/span><\/label><textarea name=\"textarea-1\" placeholder=\"Enter your message...\" id=\"forminator-field-textarea-1_69e37dbfdc19e\" class=\"forminator-textarea\" rows=\"6\" style=\"min-height:140px;\" maxlength=\"180\" ><\/textarea><span id=\"forminator-field-textarea-1_69e37dbfdc19e-description\" class=\"forminator-description\"><span data-limit=\"180\" data-type=\"characters\" data-editor=\"\">0 \/ 180<\/span><\/span><\/div><\/div><\/div><div class=\"forminator-row\"><div id=\"upload-1\" class=\"forminator-field-upload forminator-col forminator-col-12 \"><div class=\"forminator-field\"><label for=\"forminator-field-upload-1_69e37dbfdc19e\" id=\"forminator-field-upload-1_69e37dbfdc19e-label\" class=\"forminator-label\">Datei hochladen<\/label><div class=\"forminator-file-upload \" data-element=\"upload-1_69e37dbfdc19e\"><input type=\"file\" name=\"upload-1\" id=\"forminator-field-upload-1_69e37dbfdc19e\" class=\"forminator-input-file\" accept=\".jpg,.jpeg,.jpe,.gif,.png,.bmp,.tiff,.tif,.webp,.ico,.heic,.asf,.asx,.wmv,.wmx,.wm,.avi,.divx,.flv,.mov,.qt,.mpeg,.mpg,.mpe,.mp4,.m4v,.ogv,.webm,.mkv,.3gp,.3gpp,.3g2,.3gp2,.txt,.asc,.c,.cc,.h,.srt,.csv,.tsv,.ics,.rtx,.vtt,.mp3,.m4a,.m4b,.aac,.ra,.ram,.wav,.ogg,.oga,.flac,.mid,.midi,.wma,.wax,.mka,.rtf,.pdf,.class,.tar,.zip,.gz,.gzip,.7z,.psd,.xcf,.doc,.pot,.pps,.ppt,.wri,.xla,.xls,.xlt,.xlw,.mdb,.mpp,.docx,.docm,.dotx,.dotm,.xlsx,.xlsm,.xlsb,.xltx,.xltm,.xlam,.pptx,.pptm,.ppsx,.ppsm,.potx,.potm,.ppam,.sldx,.sldm,.onetoc,.onetoc2,.onetmp,.onepkg,.oxps,.xps,.odt,.odp,.ods,.odg,.odc,.odb,.odf,.wp,.wpd,.key,.numbers,.pages\" tabindex=\"-1\"><button id=\"forminator-field-upload-1_69e37dbfdc19e_button\" class=\"forminator-button forminator-button-upload\" data-id=\"forminator-field-upload-1_69e37dbfdc19e\">Choose File<\/button><span data-empty-text=\"No file chosen\">No file chosen<\/span><button class=\"forminator-button-delete\" style=\"display: none;\"><i class=\"forminator-icon-close\" aria-hidden=\"true\"><\/i><span class=\"forminator-screen-reader-only\">Delete uploaded file<\/span><\/button><\/div><\/div><\/div><\/div><input type=\"hidden\" name=\"referer_url\" value=\"\" \/><div class=\"forminator-row forminator-row-last\"><div class=\"forminator-col\"><div class=\"forminator-field\"><button class=\"forminator-button forminator-button-submit\"><span>Nachricht senden<\/span><span aria-hidden=\"true\"><\/span><\/button><\/div><\/div><\/div><input type=\"hidden\" id=\"forminator_nonce\" name=\"forminator_nonce\" value=\"2b6dbfd1c3\" \/><input type=\"hidden\" name=\"_wp_http_referer\" value=\"\/index.php?rest_route=%2Fwp%2Fv2%2Fpages%2F5\" \/><input type=\"hidden\" name=\"form_id\" value=\"463\"><input type=\"hidden\" name=\"page_id\" value=\"1566\"><input type=\"hidden\" name=\"form_type\" value=\"default\"><input type=\"hidden\" name=\"current_url\" value=\"https:\/\/vereinverfolgt.ch\/?p=1566\"><input type=\"hidden\" name=\"render_id\" value=\"0\"><input type=\"hidden\" name=\"action\" value=\"forminator_submit_form_custom-forms\"><\/form><\/div>\n<\/div>\n<\/div><div  data-label=\"Call to action\" data-id=\"cta-blue-section\" data-category=\"cta\" class=\"cta-blue-section\" id=\"cta-1\">\n<div  class=\"gridContainer\">\n<div  class=\"flexbox-list flexbox-list-align-center row\">\n<div  class=\"cta-blue-textcol dynamic-color\">\n<h2  class=\"cta-blue-text\">Verein Verfolgt mitgliedschaftsformular<\/h2>\n<\/div>\n<div  class=\"cta-blue-btncol\"> <a class=\"button big yellow dark-text\" href=\"https:\/\/docs.google.com\/forms\/u\/0\/d\/1pt_Gpoxc8G2NzGKatlYoN_szAMnt7wvt8tgXAlM5QDs\/viewform?edit_requested=true\" target=\"_blank\" rel=\"noopener\"> STARTEN SIE HEUTE \u2013 Zum GOOGLE Formular <\/a><\/div>\n<\/div>\n<\/div>\n<\/div>","protected":false},"excerpt":{"rendered":"<p>Integration Eine erfolgreiche Integration ist f\u00fcr Gefl\u00fcchtete von grosser Bedeutung, da sie ihnen erm\u00f6glicht, ein selbstbestimmtes Leben zu f\u00fchren und ihr volles Potential auszusch\u00f6pfen. Menschenrechte Menschenrechte tragen dazu bei, dass alle Menschen die gleichen Chancen und M\u00f6glichkeiten haben und ihre W\u00fcrde und Freiheit respektiert werden. Sie sind der Ausgangspunkt f\u00fcr eine gerechte und inklusive Gesellschaft.&hellip; <br \/> <a class=\"button small blue\" href=\"https:\/\/vereinverfolgt.ch\/?p=1566\">Read more<\/a><\/p>\n","protected":false},"author":1,"featured_media":0,"parent":0,"menu_order":0,"comment_status":"closed","ping_status":"closed","template":"","meta":{"footnotes":""},"class_list":["post-5","page","type-page","status-publish","hentry"],"_links":{"self":[{"href":"https:\/\/vereinverfolgt.ch\/index.php?rest_route=\/wp\/v2\/pages\/5","targetHints":{"allow":["GET"]}}],"collection":[{"href":"https:\/\/vereinverfolgt.ch\/index.php?rest_route=\/wp\/v2\/pages"}],"about":[{"href":"https:\/\/vereinverfolgt.ch\/index.php?rest_route=\/wp\/v2\/types\/page"}],"author":[{"embeddable":true,"href":"https:\/\/vereinverfolgt.ch\/index.php?rest_route=\/wp\/v2\/users\/1"}],"replies":[{"embeddable":true,"href":"https:\/\/vereinverfolgt.ch\/index.php?rest_route=%2Fwp%2Fv2%2Fcomments&post=5"}],"version-history":[{"count":104,"href":"https:\/\/vereinverfolgt.ch\/index.php?rest_route=\/wp\/v2\/pages\/5\/revisions"}],"predecessor-version":[{"id":1406,"href":"https:\/\/vereinverfolgt.ch\/index.php?rest_route=\/wp\/v2\/pages\/5\/revisions\/1406"}],"wp:attachment":[{"href":"https:\/\/vereinverfolgt.ch\/index.php?rest_route=%2Fwp%2Fv2%2Fmedia&parent=5"}],"curies":[{"name":"wp","href":"https:\/\/api.w.org\/{rel}","templated":true}]}}